{"id":7295,"date":"2022-02-17T23:10:36","date_gmt":"2022-02-17T21:10:36","guid":{"rendered":"http:\/\/epood.ardesia.ee\/shop\/unkategorisiert\/audi-a4\/"},"modified":"2022-02-17T23:10:36","modified_gmt":"2022-02-17T21:10:36","slug":"audi-a4","status":"publish","type":"product","link":"https:\/\/epood.ardesia.ee\/de\/shop\/esi-kere-detailid\/esituli\/audi-a4\/","title":{"rendered":"Audi A4 esituli 8k0941003c"},"content":{"rendered":"","protected":false},"excerpt":{"rendered":"<table>\n<tbody>\n<tr>\n<td>Audi A4 2004-2011 links Scheinwerfer, left headlights 8k0941003c<\/p>\n<p><em>Der Artikel wird so verkauft, wie er auf den Bildern dargestellt ist (Sie erhalten genau das, was Sie auf den Bildern sehen k\u00f6nnen).<\/em><\/p>\n<p style=\"font-weight: 400;\"><em>Wir verpacken jeden Artikel mit gr\u00f6\u00dfter Sorgfalt, um einen sicheren Versand an Sie zu gew\u00e4hrleisten. Unser Ziel ist es, alle Bestellungen innerhalb von 7 Werktagen zu versenden. Wir nutzen den International Tracked Package Delivery Service. Deshalb ist es sehr wichtig, dass Sie uns Ihre Telefonnummer mitteilen.<\/em><\/p>\n<p style=\"font-weight: 400;\"><em>Nehmen Sie vor dem Kauf mit uns Kontakt auf, wenn Sie sich nicht sicher sind ob dieses Ersatzteil f\u00fcr ihr Fahrzeug passt. Wir beraten Sie gerne!<\/em><\/p>\n<\/td>\n<\/tr>\n<\/tbody>\n<\/table>\n","protected":false},"featured_media":7212,"template":"","meta":[],"product_cat":[4799,5791],"product_tag":[],"_links":{"self":[{"href":"https:\/\/epood.ardesia.ee\/de\/wp-json\/wp\/v2\/product\/7295"}],"collection":[{"href":"https:\/\/epood.ardesia.ee\/de\/wp-json\/wp\/v2\/product"}],"about":[{"href":"https:\/\/epood.ardesia.ee\/de\/wp-json\/wp\/v2\/types\/product"}],"version-history":[{"count":0,"href":"https:\/\/epood.ardesia.ee\/de\/wp-json\/wp\/v2\/product\/7295\/revisions"}],"wp:featuredmedia":[{"embeddable":true,"href":"https:\/\/epood.ardesia.ee\/de\/wp-json\/wp\/v2\/media\/7212"}],"wp:attachment":[{"href":"https:\/\/epood.ardesia.ee\/de\/wp-json\/wp\/v2\/media?parent=7295"}],"wp:term":[{"taxonomy":"product_cat","embeddable":true,"href":"https:\/\/epood.ardesia.ee\/de\/wp-json\/wp\/v2\/product_cat?post=7295"},{"taxonomy":"product_tag","embeddable":true,"href":"https:\/\/epood.ardesia.ee\/de\/wp-json\/wp\/v2\/product_tag?post=7295"}],"curies":[{"name":"wp","href":"https:\/\/api.w.org\/{rel}","templated":true}]}}